{"id":667,"date":"2020-07-15T10:49:36","date_gmt":"2020-07-15T10:49:36","guid":{"rendered":"https:\/\/new20.casadelspeixos.cat\/?page_id=667"},"modified":"2020-11-30T16:57:12","modified_gmt":"2020-11-30T16:57:12","slug":"politica-de-cookies","status":"publish","type":"page","link":"https:\/\/casadelspeixos.cat\/ca\/politica-de-cookies\/","title":{"rendered":"Pol\u00edtica de Cookies"},"content":{"rendered":"\t\t<div data-elementor-type=\"wp-page\" data-elementor-id=\"667\" class=\"elementor elementor-667\" data-elementor-post-type=\"page\">\n\t\t\t\t\t\t<section class=\"elementor-section elementor-top-section elementor-element elementor-element-413fedb9 elementor-section-boxed elementor-section-height-default elementor-section-height-default parallax_section_no qode_elementor_container_no\" data-id=\"413fedb9\" data-element_type=\"section\" data-e-type=\"section\">\n\t\t\t\t\t\t<div class=\"elementor-container elementor-column-gap-default\">\n\t\t\t\t\t<div class=\"elementor-column elementor-col-100 elementor-top-column elementor-element elementor-element-6dd38dac\" data-id=\"6dd38dac\" data-element_type=\"column\" data-e-type=\"column\">\n\t\t\t<div class=\"elementor-widget-wrap elementor-element-populated\">\n\t\t\t\t\t\t<div class=\"elementor-element elementor-element-1c5d2c1 elementor-widget elementor-widget-heading\" data-id=\"1c5d2c1\" data-element_type=\"widget\" data-e-type=\"widget\" data-widget_type=\"heading.default\">\n\t\t\t\t<div class=\"elementor-widget-container\">\n\t\t\t\t\t<h1 class=\"elementor-heading-title elementor-size-default\">Pol\u00edtica de Cookies<\/h1>\t\t\t\t<\/div>\n\t\t\t\t<\/div>\n\t\t\t\t<div class=\"elementor-element elementor-element-40876a70 elementor-widget elementor-widget-text-editor\" data-id=\"40876a70\" data-element_type=\"widget\" data-e-type=\"widget\" data-widget_type=\"text-editor.default\">\n\t\t\t\t<div class=\"elementor-widget-container\">\n\t\t\t\t\t\t\t\t\t<p><\/p>\n<h2><\/h2>\n<p><\/p>\n<p>EL TITULAR le informa acerca del uso de las cookies en sus p\u00e1ginas web.<\/p>\n<p>\u00a0<\/p>\n<p>Las cookies son archivos que se pueden descargar en su equipo a trav\u00e9s de las p\u00e1ginas web. Son herramientas que tienen un papel esencial para la prestaci\u00f3n de numerosos servicios de la sociedad de la informaci\u00f3n. Entre otros, permiten a una p\u00e1gina web almacenar y recuperar informaci\u00f3n sobre los h\u00e1bitos de navegaci\u00f3n de un usuario o de su equipo y, dependiendo de la informaci\u00f3n obtenida, se pueden utilizar para reconocer al usuario y mejorar el servicio ofrecido.<\/p>\n<p>\u00a0<\/p>\n<p>\u00a0<\/p>\n<p>\u00a0<\/p>\n<h3>Tipos de Cookies<\/h3>\n<p>Seg\u00fan quien sea la entidad que gestione el dominio desde donde se env\u00edan las cookies y trate los datos que se obtengan se pueden distinguir dos tipos: cookies propias y cookies de terceros.<\/p>\n<p>\u00a0<\/p>\n<p>Existe tambi\u00e9n una segunda clasificaci\u00f3n seg\u00fan el plazo de tiempo que permanecen almacenadas en el navegador del cliente, pudiendo tratarse de cookies de sesi\u00f3n o cookies persistentes.<\/p>\n<p>\u00a0<\/p>\n<p>Por \u00faltimo, existe otra clasificaci\u00f3n con cinco tipos de cookies seg\u00fan la finalidad para la que se traten los datos obtenidos: cookies t\u00e9cnicas, cookies de personalizaci\u00f3n, cookies de an\u00e1lisis, cookies publicitarias y cookies de publicidad comportamental.<\/p>\n<p>\u00a0<\/p>\n<p>\u00a0<\/p>\n<p>\u00a0<\/p>\n<h3>Cookies utilizadas en esta web<\/h3>\n<p>A continuaci\u00f3n se identifican las cookies que est\u00e1n siendo utilizadas en este portal as\u00ed como su tipolog\u00eda y funci\u00f3n:<\/p>\n<p>\u00a0<\/p>\n<p>\u00a0<\/p>\n<h4><strong>Cookies de sesi\u00f3n:<\/strong><\/h4>\n<p>\u00a0<\/p>\n<p>Cookies de WordPress: Se almacenan temporalmente en la memoria y son autom\u00e1ticamente eliminadas cuando el navegador es cerrado o la sesi\u00f3n termina. Almacena detalles de autentificaci\u00f3n al iniciar la sesi\u00f3n en WordPress. Almacena configuraciones personales del dashboard y de la interfaz del admin. M\u00e1s info en <a href=\"https:\/\/wordpress.org\/support\/article\/cookies\/\" target=\"_blank\" rel=\"noopener noreferrer\">https:\/\/wordpress.org\/support\/article\/cookies\/<\/a><\/p>\n<p>\u00a0<\/p>\n<p>Cookie consent: Contiene un c\u00f3digo para verificar que la pol\u00edtica de cookies ha sido aceptada.<\/p>\n<p>\u00a0<\/p>\n<p>Cookie de seguridad SSL: Ayuda a detectar posibles visitantes maliciosos a esta web y minimiza el bloqueo de usuarios leg\u00edtimos. Redirige todas las solicitudes con esquema HTTP a HTTPS.<\/p>\n<p>\u00a0<\/p>\n<p>\u00a0<\/p>\n<h4><strong>Cookies de personalizaci\u00f3n:<\/strong><\/h4>\n<p>\u00a0<\/p>\n<p>WPML: Utiliza cookies para identificar el idioma del navegador definido por el usuario. Almacena el \u00faltimo idioma en el que se visit\u00f3 la web y el idioma de inicio de sesi\u00f3n. No se compartir\u00e1n datos del usuario en cuesti\u00f3n.<br \/>_icl_current_language \u2013 Stores the current language<br \/>_icl_current_admin_language_{hash} \u2013 Stores the current WordPress administration area language.<br \/>_icl_visitor_lang_js \u2013 Stores the redirected language.<br \/>wpml_browser_redirect_test \u2013 Tests if cookies are enabled.<br \/>wpml_referer_url \u2013 Stores the last requested URL on the front-end.<br \/>wpml_admin_referer_url \u2013 Stores the last requested URL on the back-end.<br \/>M\u00e1s informaci\u00f3n en <a href=\"https:\/\/wpml.org\/documentation\/privacy-policy-and-gdpr-compliance\/\" target=\"_blank\" rel=\"noopener noreferrer\">https:\/\/wpml.org\/documentation\/privacy-policy-and-gdpr-compliance\/<\/a><\/p>\n<p>\u00a0<\/p>\n<p>\u00a0<\/p>\n<h4>Cookies de an\u00e1lisis:<\/h4>\n<p>\u00a0<\/p>\n<p>La p\u00e1gina web utiliza Google Analytics, un servicio de anal\u00edtica web desarrollada por Google, que permite la medici\u00f3n y an\u00e1lisis de la navegaci\u00f3n en las p\u00e1ginas web. En su navegador podr\u00e1 observar 4 cookies de este servicio. Seg\u00fan la tipolog\u00eda anterior se trata de cookies propias, de sesi\u00f3n y de an\u00e1lisis. Puede encontrar m\u00e1s informaci\u00f3n al respecto e inhabilitar el uso de estas cookies aqu\u00ed: <a href=\"http:\/\/www.google.es\/intl\/es\/analytics\/privacyoverview.html\" target=\"_blank\" rel=\"noopener noreferrer\">www.google.es\/intl\/es\/analytics\/privacyoverview.html<\/a>.<\/p>\n<p>\u00a0<\/p>\n<p>A trav\u00e9s de la anal\u00edtica web se obtiene informaci\u00f3n relativa al n\u00famero de usuarios que acceden a la web, el n\u00famero de p\u00e1ginas vistas, la frecuencia y repetici\u00f3n de las visitas, su duraci\u00f3n, el navegador utilizado, el operador que presta el servicio, el idioma, el terminal que utiliza, o la ciudad a la que est\u00e1 asignada su direcci\u00f3n IP. Informaci\u00f3n que posibilita un mejor y m\u00e1s apropiado servicio por parte de este portal.<\/p>\n<p>\u00a0<\/p>\n<p>Otra de las cookies que se descargan es una cookie de tipo t\u00e9cnico denominada ASP.NET_SessionId. Esta cookie permite almacenar un identificador \u00fanico por sesi\u00f3n a trav\u00e9s del que es posible vincular datos necesarios para posibilitar la navegaci\u00f3n en curso.<\/p>\n<p>\u00a0<\/p>\n<p>Por \u00faltimo, se descarga una cookie de tipo t\u00e9cnico denominada cookies_policy, propia, de tipo t\u00e9cnico y de sesi\u00f3n. Gestiona el consentimiento del usuario para el uso de las cookies en la p\u00e1gina web, con el objeto de recordar aquellos usuarios que las han aceptado y aquellos que no, de modo que a los primeros no se les muestre informaci\u00f3n en la parte superior de la p\u00e1gina al respecto.<\/p>\n<p>\u00a0<\/p>\n<p>\u00a0<\/p>\n<h3>Aceptaci\u00f3n de la Pol\u00edtica de Cookies<\/h3>\n<p>Nuestra empresa asume que usted acepta el uso de cookies. No obstante, muestra informaci\u00f3n sobre su Pol\u00edtica de cookies en la parte superior de cualquier p\u00e1gina del portal con cada inicio de sesi\u00f3n con el objeto de que usted sea consciente.<\/p>\n<p>\u00a0<\/p>\n<p>Ante esta informaci\u00f3n es posible llevar a cabo las siguientes acciones:<\/p>\n<p>\u00a0<\/p>\n<ul>\n<li>Aceptar cookies. No se volver\u00e1 a visualizar este aviso al acceder a cualquier p\u00e1gina del portal durante la presente sesi\u00f3n.<\/li>\n<li>Cerrar. Se oculta el aviso en la presente p\u00e1gina.<\/li>\n<li>Modificar su configuraci\u00f3n. Podr\u00e1 obtener m\u00e1s informaci\u00f3n sobre qu\u00e9 son las cookies, conocer la Pol\u00edtica de cookies y modificar la configuraci\u00f3n de su navegador.<\/li>\n<\/ul>\n<p>\u00a0<\/p>\n<p>\u00a0<\/p>\n<h3>C\u00f3mo modificar la configuraci\u00f3n de las cookies<\/h3>\n<p>Usted puede restringir, bloquear o borrar las cookies, utilizando su navegador. En cada navegador la operativa es diferente, la funci\u00f3n de \u2018Ayuda\u2019 le mostrar\u00e1 c\u00f3mo hacerlo.<\/p>\n<p>\u00a0<\/p>\n<p>Internet Explorer: <a href=\"https:\/\/support.microsoft.com\/ca-es\/help\/17442\/windows-internet-explorer-delete-manage-cookies#ie=ie-10\" target=\"_blank\" rel=\"noopener noreferrer\">windows.microsoft.com\/es-xl\/internet-explorer\/delete-manage-cookies#ie=ie-10<\/a><br \/>FireFox: <a href=\"http:\/\/support.mozilla.org\/es\/kb\/Borrar%20cookies\" target=\"_blank\" rel=\"noopener noreferrer\">support.mozilla.org\/es\/kb\/Borrar%20cookies<\/a><br \/>Chrome: <a href=\"http:\/\/support.google.com\/chrome\/answer\/95647?hl=es\" target=\"_blank\" rel=\"noopener noreferrer\">support.google.com\/chrome\/answer\/95647?hl=es<\/a><br \/>Safari: <a href=\"http:\/\/www.apple.com\/es\/privacy\/use-of-cookies\/\" target=\"_blank\" rel=\"noopener noreferrer\">www.apple.com\/es\/privacy\/use-of-cookies\/<\/a><\/p>\n<p>\u00a0<\/p>\n<p>\u00a0<\/p>\n<p>\u00a0<\/p>\n<p><\/p>\n<p><\/p>\t\t\t\t\t\t\t\t<\/div>\n\t\t\t\t<\/div>\n\t\t\t\t\t<\/div>\n\t\t<\/div>\n\t\t\t\t\t<\/div>\n\t\t<\/section>\n\t\t\t\t<\/div>\n\t\t","protected":false},"excerpt":{"rendered":"","protected":false},"author":1,"featured_media":0,"parent":0,"menu_order":0,"comment_status":"closed","ping_status":"open","template":"","meta":{"_joinchat":[],"footnotes":""},"class_list":["post-667","page","type-page","status-publish","hentry"],"yoast_head":"<!-- This site is optimized with the Yoast SEO Premium plugin v20.1 (Yoast SEO v27.3) - https:\/\/yoast.com\/product\/yoast-seo-premium-wordpress\/ -->\n<title>Pol\u00edtica de Cookies &#8226; Casa dels Peixos<\/title>\n<meta name=\"robots\" content=\"index, follow, max-snippet:-1, max-image-preview:large, max-video-preview:-1\" \/>\n<link rel=\"canonical\" href=\"https:\/\/casadelspeixos.cat\/ca\/wp-json\/wp\/v2\/pages\/667\" \/>\n<meta property=\"og:locale\" content=\"ca_ES\" \/>\n<meta property=\"og:type\" content=\"article\" \/>\n<meta property=\"og:title\" content=\"Pol\u00edtica de Cookies\" \/>\n<meta property=\"og:url\" content=\"https:\/\/casadelspeixos.cat\/ca\/politica-de-cookies\/\" \/>\n<meta property=\"og:site_name\" content=\"Casa dels Peixos\" \/>\n<meta property=\"article:publisher\" content=\"https:\/\/www.facebook.com\/lacasadelspeixos\/\" \/>\n<meta property=\"article:modified_time\" content=\"2020-11-30T16:57:12+00:00\" \/>\n<meta name=\"twitter:card\" content=\"summary_large_image\" \/>\n<script type=\"application\/ld+json\" class=\"yoast-schema-graph\">{\"@context\":\"https:\\\/\\\/schema.org\",\"@graph\":[{\"@type\":\"WebPage\",\"@id\":\"https:\\\/\\\/casadelspeixos.cat\\\/ca\\\/politica-de-cookies\\\/\",\"url\":\"https:\\\/\\\/casadelspeixos.cat\\\/ca\\\/politica-de-cookies\\\/\",\"name\":\"Pol\u00edtica de Cookies &#8226; Casa dels Peixos\",\"isPartOf\":{\"@id\":\"https:\\\/\\\/casadelspeixos.cat\\\/#website\"},\"datePublished\":\"2020-07-15T10:49:36+00:00\",\"dateModified\":\"2020-11-30T16:57:12+00:00\",\"breadcrumb\":{\"@id\":\"https:\\\/\\\/casadelspeixos.cat\\\/ca\\\/politica-de-cookies\\\/#breadcrumb\"},\"inLanguage\":\"ca\",\"potentialAction\":[{\"@type\":\"ReadAction\",\"target\":[\"https:\\\/\\\/casadelspeixos.cat\\\/ca\\\/politica-de-cookies\\\/\"]}]},{\"@type\":\"BreadcrumbList\",\"@id\":\"https:\\\/\\\/casadelspeixos.cat\\\/ca\\\/politica-de-cookies\\\/#breadcrumb\",\"itemListElement\":[{\"@type\":\"ListItem\",\"position\":1,\"name\":\"Inici\",\"item\":\"https:\\\/\\\/casadelspeixos.cat\\\/\"},{\"@type\":\"ListItem\",\"position\":2,\"name\":\"Pol\u00edtica de Cookies\"}]},{\"@type\":\"WebSite\",\"@id\":\"https:\\\/\\\/casadelspeixos.cat\\\/#website\",\"url\":\"https:\\\/\\\/casadelspeixos.cat\\\/\",\"name\":\"Casa dels Peixos\",\"description\":\"Casa de lloguer \u00edntegre al Pre-Pirineu Catal\u00e0\",\"publisher\":{\"@id\":\"https:\\\/\\\/casadelspeixos.cat\\\/#organization\"},\"potentialAction\":[{\"@type\":\"SearchAction\",\"target\":{\"@type\":\"EntryPoint\",\"urlTemplate\":\"https:\\\/\\\/casadelspeixos.cat\\\/?s={search_term_string}\"},\"query-input\":{\"@type\":\"PropertyValueSpecification\",\"valueRequired\":true,\"valueName\":\"search_term_string\"}}],\"inLanguage\":\"ca\"},{\"@type\":\"Organization\",\"@id\":\"https:\\\/\\\/casadelspeixos.cat\\\/#organization\",\"name\":\"Casa dels Peixos\",\"url\":\"https:\\\/\\\/casadelspeixos.cat\\\/\",\"logo\":{\"@type\":\"ImageObject\",\"inLanguage\":\"ca\",\"@id\":\"https:\\\/\\\/casadelspeixos.cat\\\/#\\\/schema\\\/logo\\\/image\\\/\",\"url\":\"https:\\\/\\\/casadelspeixos.cat\\\/wp-content\\\/uploads\\\/2020\\\/07\\\/logo-center.png\",\"contentUrl\":\"https:\\\/\\\/casadelspeixos.cat\\\/wp-content\\\/uploads\\\/2020\\\/07\\\/logo-center.png\",\"width\":376,\"height\":200,\"caption\":\"Casa dels Peixos\"},\"image\":{\"@id\":\"https:\\\/\\\/casadelspeixos.cat\\\/#\\\/schema\\\/logo\\\/image\\\/\"},\"sameAs\":[\"https:\\\/\\\/www.facebook.com\\\/lacasadelspeixos\\\/\",\"https:\\\/\\\/www.instagram.com\\\/casa_dels_peixos\\\/\"]}]}<\/script>\n<!-- \/ Yoast SEO Premium plugin. -->","yoast_head_json":{"title":"Pol\u00edtica de Cookies &#8226; Casa dels Peixos","robots":{"index":"index","follow":"follow","max-snippet":"max-snippet:-1","max-image-preview":"max-image-preview:large","max-video-preview":"max-video-preview:-1"},"canonical":"https:\/\/casadelspeixos.cat\/ca\/wp-json\/wp\/v2\/pages\/667","og_locale":"ca_ES","og_type":"article","og_title":"Pol\u00edtica de Cookies","og_url":"https:\/\/casadelspeixos.cat\/ca\/politica-de-cookies\/","og_site_name":"Casa dels Peixos","article_publisher":"https:\/\/www.facebook.com\/lacasadelspeixos\/","article_modified_time":"2020-11-30T16:57:12+00:00","twitter_card":"summary_large_image","schema":{"@context":"https:\/\/schema.org","@graph":[{"@type":"WebPage","@id":"https:\/\/casadelspeixos.cat\/ca\/politica-de-cookies\/","url":"https:\/\/casadelspeixos.cat\/ca\/politica-de-cookies\/","name":"Pol\u00edtica de Cookies &#8226; Casa dels Peixos","isPartOf":{"@id":"https:\/\/casadelspeixos.cat\/#website"},"datePublished":"2020-07-15T10:49:36+00:00","dateModified":"2020-11-30T16:57:12+00:00","breadcrumb":{"@id":"https:\/\/casadelspeixos.cat\/ca\/politica-de-cookies\/#breadcrumb"},"inLanguage":"ca","potentialAction":[{"@type":"ReadAction","target":["https:\/\/casadelspeixos.cat\/ca\/politica-de-cookies\/"]}]},{"@type":"BreadcrumbList","@id":"https:\/\/casadelspeixos.cat\/ca\/politica-de-cookies\/#breadcrumb","itemListElement":[{"@type":"ListItem","position":1,"name":"Inici","item":"https:\/\/casadelspeixos.cat\/"},{"@type":"ListItem","position":2,"name":"Pol\u00edtica de Cookies"}]},{"@type":"WebSite","@id":"https:\/\/casadelspeixos.cat\/#website","url":"https:\/\/casadelspeixos.cat\/","name":"Casa dels Peixos","description":"Casa de lloguer \u00edntegre al Pre-Pirineu Catal\u00e0","publisher":{"@id":"https:\/\/casadelspeixos.cat\/#organization"},"potentialAction":[{"@type":"SearchAction","target":{"@type":"EntryPoint","urlTemplate":"https:\/\/casadelspeixos.cat\/?s={search_term_string}"},"query-input":{"@type":"PropertyValueSpecification","valueRequired":true,"valueName":"search_term_string"}}],"inLanguage":"ca"},{"@type":"Organization","@id":"https:\/\/casadelspeixos.cat\/#organization","name":"Casa dels Peixos","url":"https:\/\/casadelspeixos.cat\/","logo":{"@type":"ImageObject","inLanguage":"ca","@id":"https:\/\/casadelspeixos.cat\/#\/schema\/logo\/image\/","url":"https:\/\/casadelspeixos.cat\/wp-content\/uploads\/2020\/07\/logo-center.png","contentUrl":"https:\/\/casadelspeixos.cat\/wp-content\/uploads\/2020\/07\/logo-center.png","width":376,"height":200,"caption":"Casa dels Peixos"},"image":{"@id":"https:\/\/casadelspeixos.cat\/#\/schema\/logo\/image\/"},"sameAs":["https:\/\/www.facebook.com\/lacasadelspeixos\/","https:\/\/www.instagram.com\/casa_dels_peixos\/"]}]}},"_links":{"self":[{"href":"https:\/\/casadelspeixos.cat\/ca\/wp-json\/wp\/v2\/pages\/667","targetHints":{"allow":["GET"]}}],"collection":[{"href":"https:\/\/casadelspeixos.cat\/ca\/wp-json\/wp\/v2\/pages"}],"about":[{"href":"https:\/\/casadelspeixos.cat\/ca\/wp-json\/wp\/v2\/types\/page"}],"author":[{"embeddable":true,"href":"https:\/\/casadelspeixos.cat\/ca\/wp-json\/wp\/v2\/users\/1"}],"replies":[{"embeddable":true,"href":"https:\/\/casadelspeixos.cat\/ca\/wp-json\/wp\/v2\/comments?post=667"}],"version-history":[{"count":5,"href":"https:\/\/casadelspeixos.cat\/ca\/wp-json\/wp\/v2\/pages\/667\/revisions"}],"predecessor-version":[{"id":1038,"href":"https:\/\/casadelspeixos.cat\/ca\/wp-json\/wp\/v2\/pages\/667\/revisions\/1038"}],"wp:attachment":[{"href":"https:\/\/casadelspeixos.cat\/ca\/wp-json\/wp\/v2\/media?parent=667"}],"curies":[{"name":"wp","href":"https:\/\/api.w.org\/{rel}","templated":true}]}}