{"id":3,"date":"2020-07-01T11:28:04","date_gmt":"2020-07-01T11:28:04","guid":{"rendered":"https:\/\/new20.casadelspeixos.cat\/?page_id=3"},"modified":"2020-12-14T19:23:50","modified_gmt":"2020-12-14T18:23:50","slug":"politica-de-privacitat","status":"publish","type":"page","link":"https:\/\/casadelspeixos.cat\/ca\/politica-de-privacitat\/","title":{"rendered":"Pol\u00edtica de privacitat"},"content":{"rendered":"\t\t<div data-elementor-type=\"wp-page\" data-elementor-id=\"3\" class=\"elementor elementor-3\" data-elementor-post-type=\"page\">\n\t\t\t\t\t\t<section class=\"elementor-section elementor-top-section elementor-element elementor-element-413fedb9 elementor-section-boxed elementor-section-height-default elementor-section-height-default parallax_section_no qode_elementor_container_no\" data-id=\"413fedb9\" data-element_type=\"section\" data-e-type=\"section\">\n\t\t\t\t\t\t<div class=\"elementor-container elementor-column-gap-default\">\n\t\t\t\t\t<div class=\"elementor-column elementor-col-100 elementor-top-column elementor-element elementor-element-6dd38dac\" data-id=\"6dd38dac\" data-element_type=\"column\" data-e-type=\"column\">\n\t\t\t<div class=\"elementor-widget-wrap elementor-element-populated\">\n\t\t\t\t\t\t<div class=\"elementor-element elementor-element-1c5d2c1 elementor-widget elementor-widget-heading\" data-id=\"1c5d2c1\" data-element_type=\"widget\" data-e-type=\"widget\" data-widget_type=\"heading.default\">\n\t\t\t\t<div class=\"elementor-widget-container\">\n\t\t\t\t\t<h1 class=\"elementor-heading-title elementor-size-default\">Pol\u00edtica de privacitat<\/h1>\t\t\t\t<\/div>\n\t\t\t\t<\/div>\n\t\t\t\t<div class=\"elementor-element elementor-element-40876a70 elementor-widget elementor-widget-text-editor\" data-id=\"40876a70\" data-element_type=\"widget\" data-e-type=\"widget\" data-widget_type=\"text-editor.default\">\n\t\t\t\t<div class=\"elementor-widget-container\">\n\t\t\t\t\t\t\t\t\t<p><\/p>\n<h2 class=\"wp-block-heading\"><\/h2>\n<p><\/p>\n<p>Antes de utilizar este sitio web te pedimos que leas con atenci\u00f3n las siguientes condiciones que rigen su uso y acceso. S\u00f3lo podr\u00e1s acceder o utilizar el sitio web si te comprometes a aceptar \u00edntegramente estas condiciones de uso.<\/p>\n<p>\u00a0<\/p>\n<p>De acuerdo con el art\u00edculo 10 de la Ley 34\/2002, de 11 de Julio, de Servicios de la Sociedad de la Informaci\u00f3n y Comercio Electr\u00f3nico, te informo que esta p\u00e1gina web y el dominio eduardsitjas.com pertenecen a:<\/p>\n<p>\u00a0<\/p>\n<p>\u00a0<\/p>\n<h3 class=\"wp-block-heading\">Titular de la p\u00e1gina web<\/h3>\n<ul>\n<li>Responsable: Josep M\u00aa Romera Conte<\/li>\n<li>NIF: 40864715V<\/li>\n<li>Direcci\u00f3n: C\/ Afores s\/n El Puig\u00a0 25747 La Baronia de Rialb<\/li>\n<li>Correo electr\u00f3nico: info@casadelspeixos.cat<\/li>\n<\/ul>\n<h3>\u00a0<\/h3>\n<h3>Normas de utilizaci\u00f3n<\/h3>\n<p>El usuario se compromete a hacer un uso adecuado y l\u00edcito de esta WEB as\u00ed como de los contenidos y de los servicios, de conformidad con la legislaci\u00f3n aplicable en cada momento, la moral y las buenas costumbres generalmente aceptadas y de orden p\u00fablico. Queda prohibido realizar, por tanto, cualquier acci\u00f3n que pueda provocar alteraciones de los contenidos de esta WEB o un mal funcionamiento de la misma, incluido la introducci\u00f3n de un virus o similar.<\/p>\n<p>\u00a0<\/p>\n<h3>\u00a0<\/h3>\n<h3>Propiedad intelectual<\/h3>\n<p>Las p\u00e1ginas de la WEB y la informaci\u00f3n o elementos contenidos, incluidos textos, documentos, fotograf\u00edas, dibujos, que representen gr\u00e1ficas, base de datos, v\u00eddeos y tambi\u00e9n logotipos, marcas, nombres comerciales u otros signos distintivos, est\u00e1n protegidos por los derechos de propiedad intelectual o industrial, de los que EL TITULAR es titular o posee licencias leg\u00edtimas. Queda prohibida cualquier modalidad de explotaci\u00f3n, incluido cualquier tipo de reproducci\u00f3n, o distribuci\u00f3n, cesi\u00f3n a terceros, comunicaci\u00f3n p\u00fablica y transformaci\u00f3n, a trav\u00e9s de cualquier tipo de soporte y medio, sin la autorizaci\u00f3n previa y expresa.<\/p>\n<p>\u00a0<\/p>\n<p>\u00a0<\/p>\n<p>Los art\u00edculos de este sitio pueden incluir contenido incrustado (por ejemplo, v\u00eddeos, im\u00e1genes, art\u00edculos, etc.). El contenido incrustado de otras webs se comporta exactamente de la misma manera que si el visitante hubiera visitado la otra web.<\/p>\n<p>\u00a0<\/p>\n<h3>\u00a0<\/h3>\n<h3>Protecci\u00f3n de datos<\/h3>\n<p>De conformidad con lo establecido en la normativa vigente en Protecci\u00f3n de Datos de Car\u00e1cter Personal, le informamos que sus datos ser\u00e1n incorporados al sistema de tratamiento titularidad de Josep M\u00aa Romera Conte con NIF 40864715V y domicilio social sito en C\/ Afores s\/n El Puig 25747 La Baronia de Rialb, con la finalidad de poder facilitar, agilizar y cumplir los compromisos establecidos entre ambas partes. En cumplimiento con la normativa vigente, EL TITULAR informa que los datos ser\u00e1n conservados durante el plazo estrictamente necesario para cumplir con los preceptos mencionados con anterioridad.<\/p>\n<p>\u00a0<\/p>\n<p>\u00a0<\/p>\n<p>Le informamos que trataremos sus datos conforme a la existencia de su consentimiento.<\/p>\n<p>\u00a0<\/p>\n<p>\u00a0<\/p>\n<p>EL TITULAR informa que proceder\u00e1 a tratar los datos de manera l\u00edcita, leal, transparente, adecuada, pertinente, limitada, exacta y actualizada. Es por ello que EL TITULAR se compromete a adoptar todas las medidas razonables para que estos se supriman o rectifiquen sin dilaci\u00f3n cuando sean inexactos.<\/p>\n<p>\u00a0<\/p>\n<p>\u00a0<\/p>\n<p>De acuerdo con los derechos que le confiere el la normativa vigente en protecci\u00f3n de datos podr\u00e1 ejercer los derechos de acceso, rectificaci\u00f3n, limitaci\u00f3n de tratamiento, supresi\u00f3n, portabilidad y oposici\u00f3n al tratamiento de sus datos de car\u00e1cter personal as\u00ed como del consentimiento prestado para el tratamiento de los mismos, dirigiendo su petici\u00f3n a la direcci\u00f3n postal indicada m\u00e1s arriba o al correo electr\u00f3nico info@casadelspeixos.cat.<\/p>\n<p>\u00a0<\/p>\n<p>\u00a0<\/p>\n<p>Podr\u00e1 dirigirse a la Autoridad de Control competente para presentar la reclamaci\u00f3n que considere oportuna.<\/p>\n<p>\u00a0<\/p>\n<h3>\u00a0<\/h3>\n<h3>Formulario de contacto<\/h3>\n<p>De conformidad con la normativa vigente y aplicable en protecci\u00f3n de datos de car\u00e1cter personal, le informamos que sus datos ser\u00e1n incorporados al sistema de tratamiento titularidad de Josep M\u00aa Romera Conte con NIF 40864715V y domicilio social sito en C\/ Afores s\/n El Puig 25747 La Baronia de Rialb, y que a continuaci\u00f3n se relacionan sus respectivas finalidades, plazos de conservaci\u00f3n y bases legitimadoras. Para aquellos tratamientos que lo requieran, se informa tambi\u00e9n de la posible elaboraci\u00f3n de perfiles y decisiones automatizadas, as\u00ed como las posibles cesiones y las transferencias internacionales que EL TITULAR tiene previsto realizar:<\/p>\n<p>\u00a0<\/p>\n<ul>\n<li>Finalidad: Atender sus consultas y\/o solicitudes e Instalaci\u00f3n de cookies<\/li>\n<li>Plazo de conservaci\u00f3n: mientras se mantenga el consentimiento prestado.<\/li>\n<li>Base leg\u00edtima: El consentimiento del interesado.<\/li>\n<\/ul>\n<p>\u00a0<\/p>\n<p>Los datos identificados con una marca (*) se entienden como campos obligatorios y requeridos, en consecuencia se entender\u00e1n como necesarios para acometer las finalidades mencionadas con anterioridad.<\/p>\n<p>\u00a0<\/p>\n<p>\u00a0<\/p>\n<p>Con env\u00edo del formulario de recogida de datos usted acepta la pol\u00edtica de privacidad de esta p\u00e1gina web.<\/p>\n<p>\u00a0<\/p>\n<h3>\u00a0<\/h3>\n<h3>Derechos e informaci\u00f3n adicional<\/h3>\n<p>De acuerdo con los derechos que le confiere la normativa vigente y aplicable en protecci\u00f3n de datos podr\u00e1 ejercer los derechos de acceso, rectificaci\u00f3n, limitaci\u00f3n de tratamiento, supresi\u00f3n (\u201cderecho al olvido\u201d), portabilidad y oposici\u00f3n al tratamiento de sus datos de car\u00e1cter personal as\u00ed como la revocaci\u00f3n del consentimiento prestado para el tratamiento de los mismos, dirigiendo su petici\u00f3n a la direcci\u00f3n postal C\/ Afores s\/n El Puig 25747 La Baronia de Rialb, o al correo electr\u00f3nico info@casadelspeixos.cat. Podr\u00e1 dirigirse a la Autoridad de Control competente para presentar la reclamaci\u00f3n que considere oportuna.<\/p>\n<p>\u00a0<\/p>\n<h3>\u00a0<\/h3>\n<h3>Certificado SSL (Secure Sockets Layer)<\/h3>\n<p>El CERTIFICADO SSL proporciona autenticaci\u00f3n, privacidad y seguridad de la informaci\u00f3n entre el titular y el usuario.<\/p>\n<p>\u00a0<\/p>\n<p>\u00a0<\/p>\n<p>EL TITULAR dispone de un certificado de seguridad que se utiliza por CERTIFICADO SSL para realizar conexiones seguras.<\/p>\n<p>\u00a0<\/p>\n<p>En este proceso se establecen varios par\u00e1metros para realizar la conexi\u00f3n de forma segura y se establece usando llaves preestablecidas, codificando y descodificando todos los datos enviados hasta que la conexi\u00f3n sea cerrada.<\/p>\n<p>\u00a0<\/p>\n<h3>\u00a0<\/h3>\n<h3>Responsabilidad<\/h3>\n<p><span style=\"letter-spacing: 0.1px;\">Nuestra intenci\u00f3n es ofrecer un sitio web que ofrece una operaci\u00f3n continua y de calidad.<\/span><\/p>\n<p>\u00a0<\/p>\n<p>\u00a0<\/p>\n<p>De todos modos, le informamos que no podemos garantizar el acceso continuado, y que se pueden encontrar con interrupciones o paradas por factores o circunstancias fuera de nuestro control.<\/p>\n<p>\u00a0<\/p>\n<p>\u00a0<\/p>\n<p>El TITULAR de la p\u00e1gina web no es responsable de la informaci\u00f3n y dem\u00e1s contenidos integrados en espacios o p\u00e1ginas Web de terceros accesibles mediante enlaces, hiperv\u00ednculos o links.<\/p>\n<p>\u00a0<\/p>\n<p>\u00a0<\/p>\n<p>El TITULAR de la p\u00e1gina web no es responsable por cualquier da\u00f1o que pueda surgir, entre otros, de:<\/p>\n<p>\u00a0<\/p>\n<ul>\n<li>Interferencias, interrupciones, fallos, omisiones, aver\u00edas telef\u00f3nicas, retrasos, bloqueos o desconexiones en el funcionamiento del sistema electr\u00f3nico, motivado por deficiencias, sobrecargas y errores en las l\u00edneas de telecomunicaciones y redes<\/li>\n<li>Intromisiones mediante el uso de programas maliciosos de cualquier tipo y a trav\u00e9s de cualquier medio de comunicaci\u00f3n.<\/li>\n<li>Uso inadecuado de esta WEB.<\/li>\n<li>Errores producidos por un mal funcionamiento del navegador o por el uso de versiones no actualizadas del mismo.<\/li>\n<\/ul>\n<p>\u00a0<\/p>\n<p>El usuario, en caso de da\u00f1os causados por un uso il\u00edcito o inadecuado de esta WEB, pueden ser reclamados por da\u00f1os y prejuicios.<\/p>\n<p>\u00a0<\/p>\n<p>\u00a0<\/p>\n<p>Adem\u00e1s, el usuario responder\u00e1 por da\u00f1os y perjuicios, que se deriva del uso de \u201crobots\u201d, \u201cAra\u00f1as\u201d, \u2026 o herramientas similares utilizadas para recoger o extraer datos o cualquier otra acci\u00f3n en su parte que impongan un carga para hacer disminuir el funcionamiento de la WEB.<\/p>\n<p>\u00a0<\/p>\n<h3>\u00a0<\/h3>\n<h3>Redes Sociales<\/h3>\n<p>El usuario dispone de un perfil en la misma Red Social y ha decidido unirse a la p\u00e1gina creada por EL TITULAR, mostrando as\u00ed inter\u00e9s en la informaci\u00f3n que se publicite en la Red. Al unirse a nuestra p\u00e1gina, nos facilita su consentimiento para el tratamiento de aquellos datos personales publicados en su perfil.<\/p>\n<p>\u00a0<\/p>\n<p>\u00a0<\/p>\n<p>El usuario puede acceder en todo momento a las pol\u00edticas de privacidad de la propia Red Social, as\u00ed como configurar su perfil para garantizar su privacidad.<\/p>\n<p>\u00a0<\/p>\n<p>\u00a0<\/p>\n<p>EL TITULAR tiene acceso y trata aquella informaci\u00f3n p\u00fablica del usuario, en especial, su nombre de contacto. Estos datos, s\u00f3lo son utilizados dentro de la propia Red Social. No son incorporados a ning\u00fan sistema de privacidad.<\/p>\n<p>\u00a0<\/p>\n<p>\u00a0<\/p>\n<p>En relaci\u00f3n a los derechos acceso, rectificaci\u00f3n, limitaci\u00f3n de tratamiento, supresi\u00f3n, portabilidad y oposici\u00f3n al tratamiento de sus datos de car\u00e1cter personal, de los que usted dispone y que pueden ser ejercitados ante EL TITULAR, de acuerdo con el RGPD, debe tener en cuenta los siguientes matices:<\/p>\n<p>\u00a0<\/p>\n<ul>\n<li>Derecho de Acceso: Es el derecho del usuario a obtener informaci\u00f3n sobre sus datos concretos de car\u00e1cter personal y del tratamiento que se haya realizado o realice, as\u00ed como de la informaci\u00f3n disponible sobre el origen de dichos datos y las comunicaciones realizadas o previstas de los mismos.<\/li>\n<li>Derecho de Rectificaci\u00f3n: Es el derecho del afectado a que se modifiquen los datos que resulten ser inexactos o incompletos. S\u00f3lo podr\u00e1 satisfacerse en relaci\u00f3n a aquella informaci\u00f3n que se encuentre bajo el control de EL TITULAR, por ejemplo, eliminar comentarios publicados en la propia p\u00e1gina, im\u00e1genes o contenidos web donde consten datos de car\u00e1cter personal del usuario.<\/li>\n<li>Derecho a la Limitaci\u00f3n de tratamiento: Es el derecho a que se limiten los fines del tratamiento previstos de forma original por el responsable del tratamiento.<\/li>\n<li>Derecho de Supresi\u00f3n: Es el derecho a suprimir los datos de car\u00e1cter personal del usuario, a excepci\u00f3n de lo previsto en el propio RGPD o en otras normativas aplicables que determinen la obligatoriedad de la conservaci\u00f3n de los mismos, en tiempo y forma.<\/li>\n<li>Derecho de portabilidad: El derecho a recibir los datos personales que el usuario, haya facilitado, en un formato estructurado, de uso com\u00fan y lectura mec\u00e1nica, y a transmitirlos a otro responsable.<\/li>\n<li>Derecho de Oposici\u00f3n: Es el derecho del usuario a que no se lleve a cabo el tratamiento de sus datos de car\u00e1cter personal o se cese el tratamiento de los mismos por parte de EL TITULAR.<\/li>\n<\/ul>\n<p>\u00a0<\/p>\n<p>EL TITULAR realizar\u00e1 las siguientes actuaciones:<\/p>\n<p>\u00a0<\/p>\n<ul>\n<li>Acceso a la informaci\u00f3n p\u00fablica del perfil.<\/li>\n<li>Publicaci\u00f3n en el perfil del usuario de toda aquella informaci\u00f3n ya publicada en la p\u00e1gina de EL TITULAR.<\/li>\n<li>Enviar mensajes personales e individuales a trav\u00e9s de los canales de la Red Social.<\/li>\n<li>Actualizaciones del estado de la p\u00e1gina que se publicar\u00e1n en el perfil del usuario.<\/li>\n<li>El usuario siempre puede controlar sus conexiones, eliminar los contenidos que dejen de interesarle y restringir con quien comparte sus conexiones, para ello deber\u00e1 acceder a su configuraci\u00f3n de privacidad.<\/li>\n<\/ul>\n<h3>\u00a0<\/h3>\n<h3>Publicaciones<\/h3>\n<p>El usuario, una vez unido a la p\u00e1gina de EL TITULAR, podr\u00e1 publicar en \u00e9sta \u00faltima comentarios, enlaces, im\u00e1genes o fotograf\u00edas o cualquier otro tipo de contenido multimedia soportado por la Red Social. El usuario, en todos los casos, debe ser el titular de los mismos, gozar de los derechos de autor y de propiedad intelectual o contar con el consentimiento de los terceros afectados. Se proh\u00edbe expresamente cualquier publicaci\u00f3n en la p\u00e1gina, ya sean textos, gr\u00e1ficos, fotograf\u00edas, v\u00eddeos, etc. que atenten o sean susceptibles de atentar contra la moral, la \u00e9tica, el buen gusto o el decoro, y\/o que infrinjan, violen o quebranten los derechos de propiedad intelectual o industrial, el derecho a la imagen o la Ley. En estos casos, EL TITULAR se reserva el derecho a retirar de inmediato el contenido, pudiendo solicitar el bloqueo permanente del usuario.<\/p>\n<p>\u00a0<\/p>\n<p>\u00a0<\/p>\n<p>EL TITULAR no se har\u00e1 responsable de los contenidos que libremente ha publicado un usuario.<\/p>\n<p>\u00a0<\/p>\n<p>\u00a0<\/p>\n<p>El usuario debe tener presente que sus publicaciones ser\u00e1n conocidas por los otros usuarios, por lo que \u00e9l mismo es el principal responsable de su privacidad.<\/p>\n<p>\u00a0<\/p>\n<p>\u00a0<\/p>\n<p>Las im\u00e1genes que puedan publicarse en la p\u00e1gina no ser\u00e1n almacenadas en ning\u00fan sistema de tratamiento por parte de EL TITULAR, pero s\u00ed que permanecer\u00e1n en la Red Social.<\/p>\n<p>\u00a0<\/p>\n<h3>\u00a0<\/h3>\n<h3>Publicidad<\/h3>\n<p>EL TITULAR utilizar\u00e1 la Red Social para publicitar sus productos y servicios, en todo caso, si decide tratar sus datos de contacto para realizar acciones directas de prospecci\u00f3n comercial, ser\u00e1 siempre, cumpliendo con las exigencias legales del RGPD y de la LSSI-CE.<\/p>\n<p>\u00a0<\/p>\n<p>\u00a0<\/p>\n<p>No se considerar\u00e1 publicidad el hecho de recomendar a otros usuarios la p\u00e1gina de EL TITULAR para que tambi\u00e9n ellos puedan disfrutar de las promociones o estar informados de su actividad.<\/p>\n<p>\u00a0<\/p>\n<p>\u00a0<\/p>\n<p>A continuaci\u00f3n detallamos el enlace a la pol\u00edtica de privacidad de cada Red Social utilizada:<\/p>\n<p>\u00a0<\/p>\n<ul>\n<li>Facebook: <a href=\"https:\/\/www.facebook.com\/help\/323540651073243\/\" target=\"_blank\" rel=\"noopener noreferrer\">https:\/\/www.facebook.com\/help\/323540651073243\/<\/a><\/li>\n<li>Instagram: <a href=\"http:\/\/instagram.com\/about\/legal\/privacy\/\" target=\"_blank\" rel=\"noopener noreferrer\">http:\/\/instagram.com\/about\/legal\/privacy\/<\/a><\/li>\n<\/ul>\n<h3>\u00a0<\/h3>\n<h3>Legislaci\u00f3n<\/h3>\n<p>Para la resoluci\u00f3n de cualquier conflicto que pueda surgir fruto de la visita a nuestra WEB aconsejamos que se contacte directamente con nuestra empresa a trav\u00e9s de los datos de contacto que ofrecemos, y exponga el caso, con el fin de llegar a un acuerdo amistoso para las dos partes.<\/p>\n<p>\u00a0<\/p>\n<p>\u00a0<\/p>\n<p>En caso contrario, la ley aplicable en caso de disputa o conflicto de interpretaci\u00f3n de los t\u00e9rminos que conforman este Aviso Legal, as\u00ed como cualquier cuesti\u00f3n relacionada con los servicios y productos del presente portal, ser\u00e1 la ley espa\u00f1ola.<\/p>\n<p>\u00a0<\/p>\n<p>\u00a0<\/p>\n<p>Nuestra empresa y el Usuario acuerdan someterse a los Jueces y Tribunales de domicilio del Usuario, siempre que el mismo est\u00e9 situado en territorio espa\u00f1ol y act\u00fae en condici\u00f3n de consumidor.<\/p>\n<p><\/p>\t\t\t\t\t\t\t\t<\/div>\n\t\t\t\t<\/div>\n\t\t\t\t\t<\/div>\n\t\t<\/div>\n\t\t\t\t\t<\/div>\n\t\t<\/section>\n\t\t\t\t<\/div>\n\t\t","protected":false},"excerpt":{"rendered":"","protected":false},"author":1,"featured_media":0,"parent":0,"menu_order":0,"comment_status":"closed","ping_status":"open","template":"","meta":{"_joinchat":[],"footnotes":""},"class_list":["post-3","page","type-page","status-publish","hentry"],"yoast_head":"<!-- This site is optimized with the Yoast SEO Premium plugin v20.1 (Yoast SEO v27.3) - https:\/\/yoast.com\/product\/yoast-seo-premium-wordpress\/ -->\n<title>Pol\u00edtica de privacitat &#8226; Casa dels Peixos<\/title>\n<meta name=\"robots\" content=\"index, follow, max-snippet:-1, max-image-preview:large, max-video-preview:-1\" \/>\n<link rel=\"canonical\" href=\"https:\/\/casadelspeixos.cat\/ca\/wp-json\/wp\/v2\/pages\/3\" \/>\n<meta property=\"og:locale\" content=\"ca_ES\" \/>\n<meta property=\"og:type\" content=\"article\" \/>\n<meta property=\"og:title\" content=\"Pol\u00edtica de privacitat\" \/>\n<meta property=\"og:url\" content=\"https:\/\/casadelspeixos.cat\/ca\/politica-de-privacitat\/\" \/>\n<meta property=\"og:site_name\" content=\"Casa dels Peixos\" \/>\n<meta property=\"article:publisher\" content=\"https:\/\/www.facebook.com\/lacasadelspeixos\/\" \/>\n<meta property=\"article:modified_time\" content=\"2020-12-14T18:23:50+00:00\" \/>\n<meta name=\"twitter:card\" content=\"summary_large_image\" \/>\n<script type=\"application\/ld+json\" class=\"yoast-schema-graph\">{\"@context\":\"https:\\\/\\\/schema.org\",\"@graph\":[{\"@type\":\"WebPage\",\"@id\":\"https:\\\/\\\/casadelspeixos.cat\\\/ca\\\/politica-de-privacitat\\\/\",\"url\":\"https:\\\/\\\/casadelspeixos.cat\\\/ca\\\/politica-de-privacitat\\\/\",\"name\":\"Pol\u00edtica de privacitat &#8226; Casa dels Peixos\",\"isPartOf\":{\"@id\":\"https:\\\/\\\/casadelspeixos.cat\\\/#website\"},\"datePublished\":\"2020-07-01T11:28:04+00:00\",\"dateModified\":\"2020-12-14T18:23:50+00:00\",\"breadcrumb\":{\"@id\":\"https:\\\/\\\/casadelspeixos.cat\\\/ca\\\/politica-de-privacitat\\\/#breadcrumb\"},\"inLanguage\":\"ca\",\"potentialAction\":[{\"@type\":\"ReadAction\",\"target\":[\"https:\\\/\\\/casadelspeixos.cat\\\/ca\\\/politica-de-privacitat\\\/\"]}]},{\"@type\":\"BreadcrumbList\",\"@id\":\"https:\\\/\\\/casadelspeixos.cat\\\/ca\\\/politica-de-privacitat\\\/#breadcrumb\",\"itemListElement\":[{\"@type\":\"ListItem\",\"position\":1,\"name\":\"Inici\",\"item\":\"https:\\\/\\\/casadelspeixos.cat\\\/\"},{\"@type\":\"ListItem\",\"position\":2,\"name\":\"Pol\u00edtica de privacitat\"}]},{\"@type\":\"WebSite\",\"@id\":\"https:\\\/\\\/casadelspeixos.cat\\\/#website\",\"url\":\"https:\\\/\\\/casadelspeixos.cat\\\/\",\"name\":\"Casa dels Peixos\",\"description\":\"Casa de lloguer \u00edntegre al Pre-Pirineu Catal\u00e0\",\"publisher\":{\"@id\":\"https:\\\/\\\/casadelspeixos.cat\\\/#organization\"},\"potentialAction\":[{\"@type\":\"SearchAction\",\"target\":{\"@type\":\"EntryPoint\",\"urlTemplate\":\"https:\\\/\\\/casadelspeixos.cat\\\/?s={search_term_string}\"},\"query-input\":{\"@type\":\"PropertyValueSpecification\",\"valueRequired\":true,\"valueName\":\"search_term_string\"}}],\"inLanguage\":\"ca\"},{\"@type\":\"Organization\",\"@id\":\"https:\\\/\\\/casadelspeixos.cat\\\/#organization\",\"name\":\"Casa dels Peixos\",\"url\":\"https:\\\/\\\/casadelspeixos.cat\\\/\",\"logo\":{\"@type\":\"ImageObject\",\"inLanguage\":\"ca\",\"@id\":\"https:\\\/\\\/casadelspeixos.cat\\\/#\\\/schema\\\/logo\\\/image\\\/\",\"url\":\"https:\\\/\\\/casadelspeixos.cat\\\/wp-content\\\/uploads\\\/2020\\\/07\\\/logo-center.png\",\"contentUrl\":\"https:\\\/\\\/casadelspeixos.cat\\\/wp-content\\\/uploads\\\/2020\\\/07\\\/logo-center.png\",\"width\":376,\"height\":200,\"caption\":\"Casa dels Peixos\"},\"image\":{\"@id\":\"https:\\\/\\\/casadelspeixos.cat\\\/#\\\/schema\\\/logo\\\/image\\\/\"},\"sameAs\":[\"https:\\\/\\\/www.facebook.com\\\/lacasadelspeixos\\\/\",\"https:\\\/\\\/www.instagram.com\\\/casa_dels_peixos\\\/\"]}]}<\/script>\n<!-- \/ Yoast SEO Premium plugin. -->","yoast_head_json":{"title":"Pol\u00edtica de privacitat &#8226; Casa dels Peixos","robots":{"index":"index","follow":"follow","max-snippet":"max-snippet:-1","max-image-preview":"max-image-preview:large","max-video-preview":"max-video-preview:-1"},"canonical":"https:\/\/casadelspeixos.cat\/ca\/wp-json\/wp\/v2\/pages\/3","og_locale":"ca_ES","og_type":"article","og_title":"Pol\u00edtica de privacitat","og_url":"https:\/\/casadelspeixos.cat\/ca\/politica-de-privacitat\/","og_site_name":"Casa dels Peixos","article_publisher":"https:\/\/www.facebook.com\/lacasadelspeixos\/","article_modified_time":"2020-12-14T18:23:50+00:00","twitter_card":"summary_large_image","schema":{"@context":"https:\/\/schema.org","@graph":[{"@type":"WebPage","@id":"https:\/\/casadelspeixos.cat\/ca\/politica-de-privacitat\/","url":"https:\/\/casadelspeixos.cat\/ca\/politica-de-privacitat\/","name":"Pol\u00edtica de privacitat &#8226; Casa dels Peixos","isPartOf":{"@id":"https:\/\/casadelspeixos.cat\/#website"},"datePublished":"2020-07-01T11:28:04+00:00","dateModified":"2020-12-14T18:23:50+00:00","breadcrumb":{"@id":"https:\/\/casadelspeixos.cat\/ca\/politica-de-privacitat\/#breadcrumb"},"inLanguage":"ca","potentialAction":[{"@type":"ReadAction","target":["https:\/\/casadelspeixos.cat\/ca\/politica-de-privacitat\/"]}]},{"@type":"BreadcrumbList","@id":"https:\/\/casadelspeixos.cat\/ca\/politica-de-privacitat\/#breadcrumb","itemListElement":[{"@type":"ListItem","position":1,"name":"Inici","item":"https:\/\/casadelspeixos.cat\/"},{"@type":"ListItem","position":2,"name":"Pol\u00edtica de privacitat"}]},{"@type":"WebSite","@id":"https:\/\/casadelspeixos.cat\/#website","url":"https:\/\/casadelspeixos.cat\/","name":"Casa dels Peixos","description":"Casa de lloguer \u00edntegre al Pre-Pirineu Catal\u00e0","publisher":{"@id":"https:\/\/casadelspeixos.cat\/#organization"},"potentialAction":[{"@type":"SearchAction","target":{"@type":"EntryPoint","urlTemplate":"https:\/\/casadelspeixos.cat\/?s={search_term_string}"},"query-input":{"@type":"PropertyValueSpecification","valueRequired":true,"valueName":"search_term_string"}}],"inLanguage":"ca"},{"@type":"Organization","@id":"https:\/\/casadelspeixos.cat\/#organization","name":"Casa dels Peixos","url":"https:\/\/casadelspeixos.cat\/","logo":{"@type":"ImageObject","inLanguage":"ca","@id":"https:\/\/casadelspeixos.cat\/#\/schema\/logo\/image\/","url":"https:\/\/casadelspeixos.cat\/wp-content\/uploads\/2020\/07\/logo-center.png","contentUrl":"https:\/\/casadelspeixos.cat\/wp-content\/uploads\/2020\/07\/logo-center.png","width":376,"height":200,"caption":"Casa dels Peixos"},"image":{"@id":"https:\/\/casadelspeixos.cat\/#\/schema\/logo\/image\/"},"sameAs":["https:\/\/www.facebook.com\/lacasadelspeixos\/","https:\/\/www.instagram.com\/casa_dels_peixos\/"]}]}},"_links":{"self":[{"href":"https:\/\/casadelspeixos.cat\/ca\/wp-json\/wp\/v2\/pages\/3","targetHints":{"allow":["GET"]}}],"collection":[{"href":"https:\/\/casadelspeixos.cat\/ca\/wp-json\/wp\/v2\/pages"}],"about":[{"href":"https:\/\/casadelspeixos.cat\/ca\/wp-json\/wp\/v2\/types\/page"}],"author":[{"embeddable":true,"href":"https:\/\/casadelspeixos.cat\/ca\/wp-json\/wp\/v2\/users\/1"}],"replies":[{"embeddable":true,"href":"https:\/\/casadelspeixos.cat\/ca\/wp-json\/wp\/v2\/comments?post=3"}],"version-history":[{"count":9,"href":"https:\/\/casadelspeixos.cat\/ca\/wp-json\/wp\/v2\/pages\/3\/revisions"}],"predecessor-version":[{"id":666,"href":"https:\/\/casadelspeixos.cat\/ca\/wp-json\/wp\/v2\/pages\/3\/revisions\/666"}],"wp:attachment":[{"href":"https:\/\/casadelspeixos.cat\/ca\/wp-json\/wp\/v2\/media?parent=3"}],"curies":[{"name":"wp","href":"https:\/\/api.w.org\/{rel}","templated":true}]}}